{"id":17,"date":"2025-08-21T20:42:25","date_gmt":"2025-08-21T20:42:25","guid":{"rendered":"https:\/\/aconcaguagroup.com.ar\/?page_id=8"},"modified":"2026-05-09T15:33:03","modified_gmt":"2026-05-09T15:33:03","slug":"micaela-marenchino","status":"publish","type":"page","link":"https:\/\/micaelamarenchino.chdesignestudio.com\/","title":{"rendered":"MICAELA MARENCHINO &#8211; Psicolog\u00eda Sist\u00e9mica + Constelaciones Familiares &#8211; SITIO EN CONSTRUCCI\u00d3N."},"content":{"rendered":"\t\t<div data-elementor-type=\"wp-page\" data-elementor-id=\"17\" class=\"elementor elementor-17\">\n\t\t\t\t<div class=\"elementor-element elementor-element-743b03c e-con-full e-flex e-con e-parent\" data-id=\"743b03c\" data-element_type=\"container\" data-e-type=\"container\">\n\t\t\t\t<div class=\"elementor-element elementor-element-17c9df2 elementor-widget elementor-widget-html\" data-id=\"17c9df2\" data-element_type=\"widget\" data-e-type=\"widget\" data-widget_type=\"html.default\">\n\t\t\t\t\t  <div class=\"fullscreen-fixed\">\r\n      <style>\r\n            .fullscreen-fixed {\r\n      position: fixed;\r\n      top: 0;\r\n      left: 0;\r\n      height: 100vh;\r\n      width: 100vw;\r\n      display: flex;\r\n      align-items: center;\r\n      justify-content: center;\r\n      background-color: #536068;\r\n      z-index: 99;\/* Color de fondo opcional *\/\r\n    }\r\n\r\n    .rotating-image {\r\n      width: 100%; \/* Ajusta el tama\u00f1o de la imagen seg\u00fan lo necesites *\/\r\n      height: auto;\r\n      animation: spin 4s linear infinite;\r\n      margin-left: 2vw;\r\n      \r\n    }\r\n\r\n    @keyframes spin {\r\n      0%   { transform: rotate(0deg); }\r\n      100% { transform: rotate(360deg); }\r\n    }\r\n          \r\n      <\/style>\r\n      <div class=\"\" >\r\n          \r\n          <style>\r\n\r\n:root{\r\n  --gris-azulado-oscuro: #536068;\r\n  --gris-claro: #f3f3f3;\r\n}\r\n\r\n\/* CONTENEDOR *\/\r\n.circle-wrapper2{\r\n  position: relative;\r\n\r\n  width: 220px;\r\n  height: 220px;\r\n\r\n  border-radius: 50%;\r\n  background: var(--gris-claro);\r\n\r\n  display: flex;\r\n  align-items: center;\r\n  justify-content: center;\r\n\r\n  overflow: hidden;\r\n\r\n  border: 1px solid rgba(83,96,104,.12);\r\n\r\n  backdrop-filter: blur(4px);\r\n\r\n  margin: auto;\r\n}\r\n\r\n\/* BRILLO SUAVE *\/\r\n.circle-wrapper2::after{\r\n  content:\"\";\r\n  position:absolute;\r\n  inset:-45%;\r\n\r\n  background:\r\n    linear-gradient(\r\n      120deg,\r\n      transparent 40%,\r\n      rgba(255,255,255,.16) 50%,\r\n      transparent 60%\r\n    );\r\n\r\n  animation: shineMove 7s linear infinite;\r\n\r\n  pointer-events:none;\r\n}\r\n\r\n\/* CENTRO *\/\r\n.circle-image2{\r\n  position:absolute;\r\n\r\n  width:72px;\r\n  height:72px;\r\n\r\n  display:flex;\r\n  align-items:center;\r\n  justify-content:center;\r\n\r\n  z-index:2;\r\n}\r\n\r\n\/* SVG LOGO *\/\r\n.circle-image2 svg{\r\n  width:100%;\r\n  height:auto;\r\n  transform: rotate(180deg);\r\n}\r\n\r\n\/* TEXTO ROTANDO *\/\r\n.circle-text-svg2{\r\n  position:absolute;\r\n  inset:0;\r\n\r\n  width:100%;\r\n  height:100%;\r\n\r\n  animation: rotateText 30s linear infinite;\r\n\r\n  transform-origin:center;\r\n}\r\n\r\n\/* TEXTO *\/\r\n.circle-text2{\r\n  font-size:12px;\r\n  letter-spacing:5px;\r\n\r\n  fill:var(--gris-azulado-oscuro);\r\n\r\n  font-weight:300;\r\n\r\n  text-transform:uppercase;\r\n\r\n  font-family:\r\n    \"Montserrat\",\r\n    sans-serif;\r\n}\r\n\r\n\/* ANIMACIONES *\/\r\n@keyframes rotateText{\r\n  from{\r\n    transform:rotate(0deg);\r\n  }\r\n\r\n  to{\r\n    transform:rotate(360deg);\r\n  }\r\n}\r\n\r\n@keyframes shineMove{\r\n  0%{\r\n    transform:\r\n      translateX(-100%)\r\n      rotate(25deg);\r\n\r\n    opacity:0;\r\n  }\r\n\r\n  20%{\r\n    opacity:1;\r\n  }\r\n\r\n  50%{\r\n    transform:\r\n      translateX(100%)\r\n      rotate(25deg);\r\n\r\n    opacity:.35;\r\n  }\r\n\r\n  100%{\r\n    transform:\r\n      translateX(100%)\r\n      rotate(25deg);\r\n\r\n    opacity:0;\r\n  }\r\n}\r\n\r\n\/* RESPONSIVE *\/\r\n@media(max-width:768px){\r\n\r\n  .circle-wrapper2{\r\n    width:180px;\r\n    height:180px;\r\n  }\r\n\r\n  .circle-text2{\r\n    font-size:13.5px;\r\n    letter-spacing:4px;\r\n  }\r\n\r\n  .circle-image2{\r\n    width:58px;\r\n    height:58px;\r\n  }\r\n\r\n}\r\n\r\n<\/style>\r\n\r\n\r\n<div class=\"circle-wrapper2\">\r\n\r\n  <!-- LOGO CENTRAL -->\r\n  <div class=\"circle-image2\">\r\n\r\n    <svg viewBox=\"0 0 58 38\">\r\n\r\n      <path\r\n        d=\"M4 30C4 12 17 4 29 2C24 16 19 26 4 30Z\"\r\n        fill=\"#536068\"\r\n      \/>\r\n\r\n      <path\r\n        d=\"M54 30C54 12 41 4 29 2C34 16 39 26 54 30Z\"\r\n        fill=\"#536068\"\r\n      \/>\r\n\r\n    <\/svg>\r\n\r\n  <\/div>\r\n\r\n  <!-- TEXTO CIRCULAR -->\r\n  <svg\r\n    class=\"circle-text-svg2\"\r\n    viewBox=\"0 0 220 220\"\r\n  >\r\n\r\n    <defs>\r\n\r\n      <path\r\n        id=\"circlePath2\"\r\n        d=\"\r\n          M 110,110\r\n          m -82,0\r\n          a 82,82 0 1,1 164,0\r\n          a 82,82 0 1,1 -164,0\r\n        \"\r\n      \/>\r\n\r\n    <\/defs>\r\n\r\n    <text class=\"circle-text2\">\r\n\r\n      <textPath\r\n        href=\"#circlePath2\"\r\n        startOffset=\"0%\"\r\n      >\u2022  MICAELA MARENCHINO \u2022   MICAELA MARENCHINO  <\/textPath>\r\n\r\n    <\/text>\r\n\r\n  <\/svg>\r\n\r\n<\/div>\r\n         <div \r\n         class=\"d-none\"\r\n         style=\"display:flex; justify-content:center; align-items:center; \r\n            width:8rem; height:8rem; background-color:white; \r\n            border-radius:50%; overflow:hidden; margin:auto;\">\r\n  <img decoding=\"async\" src=\"https:\/\/summittrade.com.ar\/wp-content\/uploads\/2025\/08\/ChatGPT-Image-21-ago-2025-17_13_59.png\" \r\n       alt=\"Imagen giratoria\" \r\n       class=\"rotating-image\" \r\n       style=\"width:100%; height:100%; object-fit:cover;margin-left:-0px\">\r\n<\/div>\r\n\r\n          \r\n           \r\n            <div>\r\n                \r\n                <div>\r\n                    \r\n                <\/div>\r\n        <h5 style=\"margin-top:25px; \r\n        text-align: center;\r\n        color:white;font-size:0.9rem\">\r\n         \u2022 MICAELA MARENCHINO \u2022<br>En construcci\u00f3n<\/h5><\/div>\r\n    \r\n      <\/div>\r\n  \r\n    \r\n  <\/div>\r\n\t\t\t\t<\/div>\n\t\t\t\t<\/div>\n\t\t\t\t<\/div>\n\t\t","protected":false},"excerpt":{"rendered":"<p>\u2022 MICAELA MARENCHINO \u2022 MICAELA MARENCHINO \u2022 MICAELA MARENCHINO \u2022En construcci\u00f3n<\/p>\n","protected":false},"author":3,"featured_media":0,"parent":0,"menu_order":0,"comment_status":"closed","ping_status":"closed","template":"","meta":{"footnotes":""},"class_list":["post-17","page","type-page","status-publish","hentry"],"_links":{"self":[{"href":"https:\/\/micaelamarenchino.chdesignestudio.com\/index.php?rest_route=\/wp\/v2\/pages\/17","targetHints":{"allow":["GET"]}}],"collection":[{"href":"https:\/\/micaelamarenchino.chdesignestudio.com\/index.php?rest_route=\/wp\/v2\/pages"}],"about":[{"href":"https:\/\/micaelamarenchino.chdesignestudio.com\/index.php?rest_route=\/wp\/v2\/types\/page"}],"author":[{"embeddable":true,"href":"https:\/\/micaelamarenchino.chdesignestudio.com\/index.php?rest_route=\/wp\/v2\/users\/3"}],"replies":[{"embeddable":true,"href":"https:\/\/micaelamarenchino.chdesignestudio.com\/index.php?rest_route=%2Fwp%2Fv2%2Fcomments&post=17"}],"version-history":[{"count":5,"href":"https:\/\/micaelamarenchino.chdesignestudio.com\/index.php?rest_route=\/wp\/v2\/pages\/17\/revisions"}],"predecessor-version":[{"id":2488,"href":"https:\/\/micaelamarenchino.chdesignestudio.com\/index.php?rest_route=\/wp\/v2\/pages\/17\/revisions\/2488"}],"wp:attachment":[{"href":"https:\/\/micaelamarenchino.chdesignestudio.com\/index.php?rest_route=%2Fwp%2Fv2%2Fmedia&parent=17"}],"curies":[{"name":"wp","href":"https:\/\/api.w.org\/{rel}","templated":true}]}}